{"id":2005,"date":"2020-08-14T13:44:23","date_gmt":"2020-08-14T11:44:23","guid":{"rendered":"https:\/\/gabrijel.com\/proizvodnja-in-storitve\/svetovanje\/"},"modified":"2020-08-25T11:17:29","modified_gmt":"2020-08-25T09:17:29","slug":"beratung","status":"publish","type":"page","link":"https:\/\/gabrijel.com\/de\/produktion\/beratung\/","title":{"rendered":"Beratung"},"content":{"rendered":"<p>In Absprache mit den Kunden finden wir die am besten geeignete L\u00f6sung f\u00fcr die Herstellung ihrer Produkte.<\/p>\n<p>Bei Kundenproblemen suchen wir immer nach neuen L\u00f6sungen und neuen Technologien, die die Kosten senken und das Endprodukt verbessern. Deshalb sind wir auf dem Markt als Innovationsf\u00fchrer in der Aluminiumverarbeitung und als Entwicklungslieferant f\u00fcr viele unserer Kunden bekannt. (vom Engineering umgezogen)<\/p>\n","protected":false},"excerpt":{"rendered":"<p>In Absprache mit den Kunden finden wir die am besten geeignete L\u00f6sung f\u00fcr die Herstellung ihrer Produkte. Bei Kundenproblemen suchen wir immer nach neuen L\u00f6sungen und neuen Technologien, die die Kosten senken und das Endprodukt verbessern. Deshalb sind wir auf dem Markt als Innovationsf\u00fchrer in der Aluminiumverarbeitung und als Entwicklungslieferant f\u00fcr viele unserer Kunden bekannt. &#8230; <\/p>\n","protected":false},"author":1,"featured_media":1501,"parent":1992,"menu_order":0,"comment_status":"closed","ping_status":"closed","template":"","meta":{"_acf_changed":false,"inline_featured_image":false,"_exactmetrics_skip_tracking":false,"_exactmetrics_sitenote_active":false,"_exactmetrics_sitenote_note":"","_exactmetrics_sitenote_category":0,"footnotes":""},"class_list":["post-2005","page","type-page","status-publish","has-post-thumbnail","hentry"],"acf":[],"yoast_head":"<!-- This site is optimized with the Yoast SEO plugin v26.0 - https:\/\/yoast.com\/wordpress\/plugins\/seo\/ -->\n<title>Beratung - Gabrijel Aluminium<\/title>\n<meta name=\"robots\" content=\"index, follow, max-snippet:-1, max-image-preview:large, max-video-preview:-1\" \/>\n<link rel=\"canonical\" href=\"https:\/\/gabrijel.com\/de\/produktion\/beratung\/\" \/>\n<meta property=\"og:locale\" content=\"de_DE\" \/>\n<meta property=\"og:type\" content=\"article\" \/>\n<meta property=\"og:title\" content=\"Beratung - Gabrijel Aluminium\" \/>\n<meta property=\"og:description\" content=\"In Absprache mit den Kunden finden wir die am besten geeignete L\u00f6sung f\u00fcr die Herstellung ihrer Produkte. Bei Kundenproblemen suchen wir immer nach neuen L\u00f6sungen und neuen Technologien, die die Kosten senken und das Endprodukt verbessern. Deshalb sind wir auf dem Markt als Innovationsf\u00fchrer in der Aluminiumverarbeitung und als Entwicklungslieferant f\u00fcr viele unserer Kunden bekannt. ...\" \/>\n<meta property=\"og:url\" content=\"https:\/\/gabrijel.com\/de\/produktion\/beratung\/\" \/>\n<meta property=\"og:site_name\" content=\"Gabrijel Aluminium\" \/>\n<meta property=\"article:modified_time\" content=\"2020-08-25T09:17:29+00:00\" \/>\n<meta property=\"og:image\" content=\"https:\/\/gabrijel.com\/wp-content\/uploads\/2020\/08\/svetovanje.jpg\" \/>\n\t<meta property=\"og:image:width\" content=\"1900\" \/>\n\t<meta property=\"og:image:height\" content=\"1357\" \/>\n\t<meta property=\"og:image:type\" content=\"image\/jpeg\" \/>\n<meta name=\"twitter:card\" content=\"summary_large_image\" \/>\n<script type=\"application\/ld+json\" class=\"yoast-schema-graph\">{\"@context\":\"https:\/\/schema.org\",\"@graph\":[{\"@type\":\"WebPage\",\"@id\":\"https:\/\/gabrijel.com\/de\/produktion\/beratung\/\",\"url\":\"https:\/\/gabrijel.com\/de\/produktion\/beratung\/\",\"name\":\"Beratung - Gabrijel Aluminium\",\"isPartOf\":{\"@id\":\"https:\/\/gabrijel.com\/#website\"},\"primaryImageOfPage\":{\"@id\":\"https:\/\/gabrijel.com\/de\/produktion\/beratung\/#primaryimage\"},\"image\":{\"@id\":\"https:\/\/gabrijel.com\/de\/produktion\/beratung\/#primaryimage\"},\"thumbnailUrl\":\"https:\/\/gabrijel.com\/wp-content\/uploads\/2020\/08\/svetovanje.jpg\",\"datePublished\":\"2020-08-14T11:44:23+00:00\",\"dateModified\":\"2020-08-25T09:17:29+00:00\",\"breadcrumb\":{\"@id\":\"https:\/\/gabrijel.com\/de\/produktion\/beratung\/#breadcrumb\"},\"inLanguage\":\"de-DE\",\"potentialAction\":[{\"@type\":\"ReadAction\",\"target\":[\"https:\/\/gabrijel.com\/de\/produktion\/beratung\/\"]}]},{\"@type\":\"ImageObject\",\"inLanguage\":\"de-DE\",\"@id\":\"https:\/\/gabrijel.com\/de\/produktion\/beratung\/#primaryimage\",\"url\":\"https:\/\/gabrijel.com\/wp-content\/uploads\/2020\/08\/svetovanje.jpg\",\"contentUrl\":\"https:\/\/gabrijel.com\/wp-content\/uploads\/2020\/08\/svetovanje.jpg\",\"width\":1900,\"height\":1357},{\"@type\":\"BreadcrumbList\",\"@id\":\"https:\/\/gabrijel.com\/de\/produktion\/beratung\/#breadcrumb\",\"itemListElement\":[{\"@type\":\"ListItem\",\"position\":1,\"name\":\"Home\",\"item\":\"https:\/\/gabrijel.com\/de\/\"},{\"@type\":\"ListItem\",\"position\":2,\"name\":\"Produktion\",\"item\":\"https:\/\/gabrijel.com\/de\/produktion\/\"},{\"@type\":\"ListItem\",\"position\":3,\"name\":\"Beratung\"}]},{\"@type\":\"WebSite\",\"@id\":\"https:\/\/gabrijel.com\/#website\",\"url\":\"https:\/\/gabrijel.com\/\",\"name\":\"Gabrijel Aluminium\",\"description\":\"Kakovost in tehnologija za najzahtevnej\u0161e izzive\",\"potentialAction\":[{\"@type\":\"SearchAction\",\"target\":{\"@type\":\"EntryPoint\",\"urlTemplate\":\"https:\/\/gabrijel.com\/?s={search_term_string}\"},\"query-input\":{\"@type\":\"PropertyValueSpecification\",\"valueRequired\":true,\"valueName\":\"search_term_string\"}}],\"inLanguage\":\"de-DE\"}]}<\/script>\n<!-- \/ Yoast SEO plugin. -->","yoast_head_json":{"title":"Beratung - Gabrijel Aluminium","robots":{"index":"index","follow":"follow","max-snippet":"max-snippet:-1","max-image-preview":"max-image-preview:large","max-video-preview":"max-video-preview:-1"},"canonical":"https:\/\/gabrijel.com\/de\/produktion\/beratung\/","og_locale":"de_DE","og_type":"article","og_title":"Beratung - Gabrijel Aluminium","og_description":"In Absprache mit den Kunden finden wir die am besten geeignete L\u00f6sung f\u00fcr die Herstellung ihrer Produkte. Bei Kundenproblemen suchen wir immer nach neuen L\u00f6sungen und neuen Technologien, die die Kosten senken und das Endprodukt verbessern. Deshalb sind wir auf dem Markt als Innovationsf\u00fchrer in der Aluminiumverarbeitung und als Entwicklungslieferant f\u00fcr viele unserer Kunden bekannt. ...","og_url":"https:\/\/gabrijel.com\/de\/produktion\/beratung\/","og_site_name":"Gabrijel Aluminium","article_modified_time":"2020-08-25T09:17:29+00:00","og_image":[{"width":1900,"height":1357,"url":"https:\/\/gabrijel.com\/wp-content\/uploads\/2020\/08\/svetovanje.jpg","type":"image\/jpeg"}],"twitter_card":"summary_large_image","schema":{"@context":"https:\/\/schema.org","@graph":[{"@type":"WebPage","@id":"https:\/\/gabrijel.com\/de\/produktion\/beratung\/","url":"https:\/\/gabrijel.com\/de\/produktion\/beratung\/","name":"Beratung - Gabrijel Aluminium","isPartOf":{"@id":"https:\/\/gabrijel.com\/#website"},"primaryImageOfPage":{"@id":"https:\/\/gabrijel.com\/de\/produktion\/beratung\/#primaryimage"},"image":{"@id":"https:\/\/gabrijel.com\/de\/produktion\/beratung\/#primaryimage"},"thumbnailUrl":"https:\/\/gabrijel.com\/wp-content\/uploads\/2020\/08\/svetovanje.jpg","datePublished":"2020-08-14T11:44:23+00:00","dateModified":"2020-08-25T09:17:29+00:00","breadcrumb":{"@id":"https:\/\/gabrijel.com\/de\/produktion\/beratung\/#breadcrumb"},"inLanguage":"de-DE","potentialAction":[{"@type":"ReadAction","target":["https:\/\/gabrijel.com\/de\/produktion\/beratung\/"]}]},{"@type":"ImageObject","inLanguage":"de-DE","@id":"https:\/\/gabrijel.com\/de\/produktion\/beratung\/#primaryimage","url":"https:\/\/gabrijel.com\/wp-content\/uploads\/2020\/08\/svetovanje.jpg","contentUrl":"https:\/\/gabrijel.com\/wp-content\/uploads\/2020\/08\/svetovanje.jpg","width":1900,"height":1357},{"@type":"BreadcrumbList","@id":"https:\/\/gabrijel.com\/de\/produktion\/beratung\/#breadcrumb","itemListElement":[{"@type":"ListItem","position":1,"name":"Home","item":"https:\/\/gabrijel.com\/de\/"},{"@type":"ListItem","position":2,"name":"Produktion","item":"https:\/\/gabrijel.com\/de\/produktion\/"},{"@type":"ListItem","position":3,"name":"Beratung"}]},{"@type":"WebSite","@id":"https:\/\/gabrijel.com\/#website","url":"https:\/\/gabrijel.com\/","name":"Gabrijel Aluminium","description":"Kakovost in tehnologija za najzahtevnej\u0161e izzive","potentialAction":[{"@type":"SearchAction","target":{"@type":"EntryPoint","urlTemplate":"https:\/\/gabrijel.com\/?s={search_term_string}"},"query-input":{"@type":"PropertyValueSpecification","valueRequired":true,"valueName":"search_term_string"}}],"inLanguage":"de-DE"}]}},"_links":{"self":[{"href":"https:\/\/gabrijel.com\/de\/wp-json\/wp\/v2\/pages\/2005","targetHints":{"allow":["GET"]}}],"collection":[{"href":"https:\/\/gabrijel.com\/de\/wp-json\/wp\/v2\/pages"}],"about":[{"href":"https:\/\/gabrijel.com\/de\/wp-json\/wp\/v2\/types\/page"}],"author":[{"embeddable":true,"href":"https:\/\/gabrijel.com\/de\/wp-json\/wp\/v2\/users\/1"}],"replies":[{"embeddable":true,"href":"https:\/\/gabrijel.com\/de\/wp-json\/wp\/v2\/comments?post=2005"}],"version-history":[{"count":1,"href":"https:\/\/gabrijel.com\/de\/wp-json\/wp\/v2\/pages\/2005\/revisions"}],"predecessor-version":[{"id":2301,"href":"https:\/\/gabrijel.com\/de\/wp-json\/wp\/v2\/pages\/2005\/revisions\/2301"}],"up":[{"embeddable":true,"href":"https:\/\/gabrijel.com\/de\/wp-json\/wp\/v2\/pages\/1992"}],"wp:featuredmedia":[{"embeddable":true,"href":"https:\/\/gabrijel.com\/de\/wp-json\/wp\/v2\/media\/1501"}],"wp:attachment":[{"href":"https:\/\/gabrijel.com\/de\/wp-json\/wp\/v2\/media?parent=2005"}],"curies":[{"name":"wp","href":"https:\/\/api.w.org\/{rel}","templated":true}]}}