{"id":1990,"date":"2020-08-14T12:37:39","date_gmt":"2020-08-14T10:37:39","guid":{"rendered":"https:\/\/gabrijel.com\/poslovna-podrocja\/uporabniska-elektronika\/"},"modified":"2020-08-25T10:23:55","modified_gmt":"2020-08-25T08:23:55","slug":"benutzerelektronik","status":"publish","type":"page","link":"https:\/\/gabrijel.com\/de\/industries\/benutzerelektronik\/","title":{"rendered":"Benutzerelektronik"},"content":{"rendered":"<p>Unser Spezialgebiet sind innovative L\u00f6sungen bei der Herstellung von Komponenten aus Aluminium f\u00fcr die Benutzerelektronik.<\/p>\n<p>Mit einer perfekten Oberfl\u00e4chenbehandlung zum hochwertigen Endprodukt.<\/p>\n<p>Das Unternehmen Gabrijel Aluminium <b>ist Spezialist auf dem Gebiet der Herstellung und Oberfl\u00e4chenbearbeitung von Aluminiumkomponenten<\/b>. Auf dem Markt der Benutzerelektronik sind wir als ein ausserordentlich zuverl\u00e4ssiger Partner bekannt, der <b>innovative L\u00f6sungen<\/b> bei der Herstellung von \u00e4sthetischen als auch technischen Komponenten aus Aluminium anbietet.<\/p>\n","protected":false},"excerpt":{"rendered":"<p>Unser Spezialgebiet sind innovative L\u00f6sungen bei der Herstellung von Komponenten aus Aluminium f\u00fcr die Benutzerelektronik. Mit einer perfekten Oberfl\u00e4chenbehandlung zum hochwertigen Endprodukt. Das Unternehmen Gabrijel Aluminium ist Spezialist auf dem Gebiet der Herstellung und Oberfl\u00e4chenbearbeitung von Aluminiumkomponenten. Auf dem Markt der Benutzerelektronik sind wir als ein ausserordentlich zuverl\u00e4ssiger Partner bekannt, der innovative L\u00f6sungen bei der &#8230; <\/p>\n","protected":false},"author":1,"featured_media":1198,"parent":1978,"menu_order":0,"comment_status":"closed","ping_status":"closed","template":"","meta":{"_acf_changed":false,"inline_featured_image":false,"_exactmetrics_skip_tracking":false,"_exactmetrics_sitenote_active":false,"_exactmetrics_sitenote_note":"","_exactmetrics_sitenote_category":0,"footnotes":""},"class_list":["post-1990","page","type-page","status-publish","has-post-thumbnail","hentry"],"acf":[],"yoast_head":"<!-- This site is optimized with the Yoast SEO plugin v26.0 - https:\/\/yoast.com\/wordpress\/plugins\/seo\/ -->\n<title>Benutzerelektronik - Gabrijel Aluminium<\/title>\n<meta name=\"robots\" content=\"index, follow, max-snippet:-1, max-image-preview:large, max-video-preview:-1\" \/>\n<link rel=\"canonical\" href=\"https:\/\/gabrijel.com\/de\/industries\/benutzerelektronik\/\" \/>\n<meta property=\"og:locale\" content=\"de_DE\" \/>\n<meta property=\"og:type\" content=\"article\" \/>\n<meta property=\"og:title\" content=\"Benutzerelektronik - Gabrijel Aluminium\" \/>\n<meta property=\"og:description\" content=\"Unser Spezialgebiet sind innovative L\u00f6sungen bei der Herstellung von Komponenten aus Aluminium f\u00fcr die Benutzerelektronik. Mit einer perfekten Oberfl\u00e4chenbehandlung zum hochwertigen Endprodukt. Das Unternehmen Gabrijel Aluminium ist Spezialist auf dem Gebiet der Herstellung und Oberfl\u00e4chenbearbeitung von Aluminiumkomponenten. Auf dem Markt der Benutzerelektronik sind wir als ein ausserordentlich zuverl\u00e4ssiger Partner bekannt, der innovative L\u00f6sungen bei der ...\" \/>\n<meta property=\"og:url\" content=\"https:\/\/gabrijel.com\/de\/industries\/benutzerelektronik\/\" \/>\n<meta property=\"og:site_name\" content=\"Gabrijel Aluminium\" \/>\n<meta property=\"article:modified_time\" content=\"2020-08-25T08:23:55+00:00\" \/>\n<meta property=\"og:image\" content=\"https:\/\/gabrijel.com\/wp-content\/uploads\/2020\/08\/poslovna-podrocja-uporabniska-elektronika.jpg\" \/>\n\t<meta property=\"og:image:width\" content=\"1900\" \/>\n\t<meta property=\"og:image:height\" content=\"1268\" \/>\n\t<meta property=\"og:image:type\" content=\"image\/jpeg\" \/>\n<meta name=\"twitter:card\" content=\"summary_large_image\" \/>\n<script type=\"application\/ld+json\" class=\"yoast-schema-graph\">{\"@context\":\"https:\/\/schema.org\",\"@graph\":[{\"@type\":\"WebPage\",\"@id\":\"https:\/\/gabrijel.com\/de\/industries\/benutzerelektronik\/\",\"url\":\"https:\/\/gabrijel.com\/de\/industries\/benutzerelektronik\/\",\"name\":\"Benutzerelektronik - Gabrijel Aluminium\",\"isPartOf\":{\"@id\":\"https:\/\/gabrijel.com\/#website\"},\"primaryImageOfPage\":{\"@id\":\"https:\/\/gabrijel.com\/de\/industries\/benutzerelektronik\/#primaryimage\"},\"image\":{\"@id\":\"https:\/\/gabrijel.com\/de\/industries\/benutzerelektronik\/#primaryimage\"},\"thumbnailUrl\":\"https:\/\/gabrijel.com\/wp-content\/uploads\/2020\/08\/poslovna-podrocja-uporabniska-elektronika.jpg\",\"datePublished\":\"2020-08-14T10:37:39+00:00\",\"dateModified\":\"2020-08-25T08:23:55+00:00\",\"breadcrumb\":{\"@id\":\"https:\/\/gabrijel.com\/de\/industries\/benutzerelektronik\/#breadcrumb\"},\"inLanguage\":\"de-DE\",\"potentialAction\":[{\"@type\":\"ReadAction\",\"target\":[\"https:\/\/gabrijel.com\/de\/industries\/benutzerelektronik\/\"]}]},{\"@type\":\"ImageObject\",\"inLanguage\":\"de-DE\",\"@id\":\"https:\/\/gabrijel.com\/de\/industries\/benutzerelektronik\/#primaryimage\",\"url\":\"https:\/\/gabrijel.com\/wp-content\/uploads\/2020\/08\/poslovna-podrocja-uporabniska-elektronika.jpg\",\"contentUrl\":\"https:\/\/gabrijel.com\/wp-content\/uploads\/2020\/08\/poslovna-podrocja-uporabniska-elektronika.jpg\",\"width\":1900,\"height\":1268},{\"@type\":\"BreadcrumbList\",\"@id\":\"https:\/\/gabrijel.com\/de\/industries\/benutzerelektronik\/#breadcrumb\",\"itemListElement\":[{\"@type\":\"ListItem\",\"position\":1,\"name\":\"Home\",\"item\":\"https:\/\/gabrijel.com\/de\/\"},{\"@type\":\"ListItem\",\"position\":2,\"name\":\"Industries\",\"item\":\"https:\/\/gabrijel.com\/de\/industries\/\"},{\"@type\":\"ListItem\",\"position\":3,\"name\":\"Benutzerelektronik\"}]},{\"@type\":\"WebSite\",\"@id\":\"https:\/\/gabrijel.com\/#website\",\"url\":\"https:\/\/gabrijel.com\/\",\"name\":\"Gabrijel Aluminium\",\"description\":\"Kakovost in tehnologija za najzahtevnej\u0161e izzive\",\"potentialAction\":[{\"@type\":\"SearchAction\",\"target\":{\"@type\":\"EntryPoint\",\"urlTemplate\":\"https:\/\/gabrijel.com\/?s={search_term_string}\"},\"query-input\":{\"@type\":\"PropertyValueSpecification\",\"valueRequired\":true,\"valueName\":\"search_term_string\"}}],\"inLanguage\":\"de-DE\"}]}<\/script>\n<!-- \/ Yoast SEO plugin. -->","yoast_head_json":{"title":"Benutzerelektronik - Gabrijel Aluminium","robots":{"index":"index","follow":"follow","max-snippet":"max-snippet:-1","max-image-preview":"max-image-preview:large","max-video-preview":"max-video-preview:-1"},"canonical":"https:\/\/gabrijel.com\/de\/industries\/benutzerelektronik\/","og_locale":"de_DE","og_type":"article","og_title":"Benutzerelektronik - Gabrijel Aluminium","og_description":"Unser Spezialgebiet sind innovative L\u00f6sungen bei der Herstellung von Komponenten aus Aluminium f\u00fcr die Benutzerelektronik. Mit einer perfekten Oberfl\u00e4chenbehandlung zum hochwertigen Endprodukt. Das Unternehmen Gabrijel Aluminium ist Spezialist auf dem Gebiet der Herstellung und Oberfl\u00e4chenbearbeitung von Aluminiumkomponenten. Auf dem Markt der Benutzerelektronik sind wir als ein ausserordentlich zuverl\u00e4ssiger Partner bekannt, der innovative L\u00f6sungen bei der ...","og_url":"https:\/\/gabrijel.com\/de\/industries\/benutzerelektronik\/","og_site_name":"Gabrijel Aluminium","article_modified_time":"2020-08-25T08:23:55+00:00","og_image":[{"width":1900,"height":1268,"url":"https:\/\/gabrijel.com\/wp-content\/uploads\/2020\/08\/poslovna-podrocja-uporabniska-elektronika.jpg","type":"image\/jpeg"}],"twitter_card":"summary_large_image","schema":{"@context":"https:\/\/schema.org","@graph":[{"@type":"WebPage","@id":"https:\/\/gabrijel.com\/de\/industries\/benutzerelektronik\/","url":"https:\/\/gabrijel.com\/de\/industries\/benutzerelektronik\/","name":"Benutzerelektronik - Gabrijel Aluminium","isPartOf":{"@id":"https:\/\/gabrijel.com\/#website"},"primaryImageOfPage":{"@id":"https:\/\/gabrijel.com\/de\/industries\/benutzerelektronik\/#primaryimage"},"image":{"@id":"https:\/\/gabrijel.com\/de\/industries\/benutzerelektronik\/#primaryimage"},"thumbnailUrl":"https:\/\/gabrijel.com\/wp-content\/uploads\/2020\/08\/poslovna-podrocja-uporabniska-elektronika.jpg","datePublished":"2020-08-14T10:37:39+00:00","dateModified":"2020-08-25T08:23:55+00:00","breadcrumb":{"@id":"https:\/\/gabrijel.com\/de\/industries\/benutzerelektronik\/#breadcrumb"},"inLanguage":"de-DE","potentialAction":[{"@type":"ReadAction","target":["https:\/\/gabrijel.com\/de\/industries\/benutzerelektronik\/"]}]},{"@type":"ImageObject","inLanguage":"de-DE","@id":"https:\/\/gabrijel.com\/de\/industries\/benutzerelektronik\/#primaryimage","url":"https:\/\/gabrijel.com\/wp-content\/uploads\/2020\/08\/poslovna-podrocja-uporabniska-elektronika.jpg","contentUrl":"https:\/\/gabrijel.com\/wp-content\/uploads\/2020\/08\/poslovna-podrocja-uporabniska-elektronika.jpg","width":1900,"height":1268},{"@type":"BreadcrumbList","@id":"https:\/\/gabrijel.com\/de\/industries\/benutzerelektronik\/#breadcrumb","itemListElement":[{"@type":"ListItem","position":1,"name":"Home","item":"https:\/\/gabrijel.com\/de\/"},{"@type":"ListItem","position":2,"name":"Industries","item":"https:\/\/gabrijel.com\/de\/industries\/"},{"@type":"ListItem","position":3,"name":"Benutzerelektronik"}]},{"@type":"WebSite","@id":"https:\/\/gabrijel.com\/#website","url":"https:\/\/gabrijel.com\/","name":"Gabrijel Aluminium","description":"Kakovost in tehnologija za najzahtevnej\u0161e izzive","potentialAction":[{"@type":"SearchAction","target":{"@type":"EntryPoint","urlTemplate":"https:\/\/gabrijel.com\/?s={search_term_string}"},"query-input":{"@type":"PropertyValueSpecification","valueRequired":true,"valueName":"search_term_string"}}],"inLanguage":"de-DE"}]}},"_links":{"self":[{"href":"https:\/\/gabrijel.com\/de\/wp-json\/wp\/v2\/pages\/1990","targetHints":{"allow":["GET"]}}],"collection":[{"href":"https:\/\/gabrijel.com\/de\/wp-json\/wp\/v2\/pages"}],"about":[{"href":"https:\/\/gabrijel.com\/de\/wp-json\/wp\/v2\/types\/page"}],"author":[{"embeddable":true,"href":"https:\/\/gabrijel.com\/de\/wp-json\/wp\/v2\/users\/1"}],"replies":[{"embeddable":true,"href":"https:\/\/gabrijel.com\/de\/wp-json\/wp\/v2\/comments?post=1990"}],"version-history":[{"count":5,"href":"https:\/\/gabrijel.com\/de\/wp-json\/wp\/v2\/pages\/1990\/revisions"}],"predecessor-version":[{"id":2282,"href":"https:\/\/gabrijel.com\/de\/wp-json\/wp\/v2\/pages\/1990\/revisions\/2282"}],"up":[{"embeddable":true,"href":"https:\/\/gabrijel.com\/de\/wp-json\/wp\/v2\/pages\/1978"}],"wp:featuredmedia":[{"embeddable":true,"href":"https:\/\/gabrijel.com\/de\/wp-json\/wp\/v2\/media\/1198"}],"wp:attachment":[{"href":"https:\/\/gabrijel.com\/de\/wp-json\/wp\/v2\/media?parent=1990"}],"curies":[{"name":"wp","href":"https:\/\/api.w.org\/{rel}","templated":true}]}}