{"id":1988,"date":"2020-08-14T13:08:01","date_gmt":"2020-08-14T11:08:01","guid":{"rendered":"https:\/\/gabrijel.com\/poslovna-podrocja\/gospodinjski-aparati\/"},"modified":"2020-08-25T10:28:27","modified_gmt":"2020-08-25T08:28:27","slug":"haushaltsgeraete","status":"publish","type":"page","link":"https:\/\/gabrijel.com\/de\/industries\/haushaltsgeraete\/","title":{"rendered":"Haushaltsger\u00e4te"},"content":{"rendered":"<p>Mit einer vollendeten Bearbeitung geben wir dem Aluminium einen Wert und den Gestaltern von Haushaltsger\u00e4ten die M\u00f6glichkeit, deren Ideen auszudr\u00fccken.<\/p>\n","protected":false},"excerpt":{"rendered":"<p>Mit einer vollendeten Bearbeitung geben wir dem Aluminium einen Wert und den Gestaltern von Haushaltsger\u00e4ten die M\u00f6glichkeit, deren Ideen auszudr\u00fccken.<\/p>\n","protected":false},"author":1,"featured_media":1338,"parent":1978,"menu_order":0,"comment_status":"closed","ping_status":"closed","template":"","meta":{"_acf_changed":false,"inline_featured_image":false,"_exactmetrics_skip_tracking":false,"_exactmetrics_sitenote_active":false,"_exactmetrics_sitenote_note":"","_exactmetrics_sitenote_category":0,"footnotes":""},"class_list":["post-1988","page","type-page","status-publish","has-post-thumbnail","hentry"],"acf":[],"yoast_head":"<!-- This site is optimized with the Yoast SEO plugin v26.0 - https:\/\/yoast.com\/wordpress\/plugins\/seo\/ -->\n<title>Haushaltsger\u00e4te - Gabrijel Aluminium<\/title>\n<meta name=\"robots\" content=\"index, follow, max-snippet:-1, max-image-preview:large, max-video-preview:-1\" \/>\n<link rel=\"canonical\" href=\"https:\/\/gabrijel.com\/de\/industries\/haushaltsgeraete\/\" \/>\n<meta property=\"og:locale\" content=\"de_DE\" \/>\n<meta property=\"og:type\" content=\"article\" \/>\n<meta property=\"og:title\" content=\"Haushaltsger\u00e4te - Gabrijel Aluminium\" \/>\n<meta property=\"og:description\" content=\"Mit einer vollendeten Bearbeitung geben wir dem Aluminium einen Wert und den Gestaltern von Haushaltsger\u00e4ten die M\u00f6glichkeit, deren Ideen auszudr\u00fccken.\" \/>\n<meta property=\"og:url\" content=\"https:\/\/gabrijel.com\/de\/industries\/haushaltsgeraete\/\" \/>\n<meta property=\"og:site_name\" content=\"Gabrijel Aluminium\" \/>\n<meta property=\"article:modified_time\" content=\"2020-08-25T08:28:27+00:00\" \/>\n<meta property=\"og:image\" content=\"https:\/\/gabrijel.com\/wp-content\/uploads\/2020\/08\/gospodinjski-aparati-gabrijel-aluminium-4.jpg\" \/>\n\t<meta property=\"og:image:width\" content=\"1900\" \/>\n\t<meta property=\"og:image:height\" content=\"1268\" \/>\n\t<meta property=\"og:image:type\" content=\"image\/jpeg\" \/>\n<meta name=\"twitter:card\" content=\"summary_large_image\" \/>\n<script type=\"application\/ld+json\" class=\"yoast-schema-graph\">{\"@context\":\"https:\/\/schema.org\",\"@graph\":[{\"@type\":\"WebPage\",\"@id\":\"https:\/\/gabrijel.com\/de\/industries\/haushaltsgeraete\/\",\"url\":\"https:\/\/gabrijel.com\/de\/industries\/haushaltsgeraete\/\",\"name\":\"Haushaltsger\u00e4te - Gabrijel Aluminium\",\"isPartOf\":{\"@id\":\"https:\/\/gabrijel.com\/#website\"},\"primaryImageOfPage\":{\"@id\":\"https:\/\/gabrijel.com\/de\/industries\/haushaltsgeraete\/#primaryimage\"},\"image\":{\"@id\":\"https:\/\/gabrijel.com\/de\/industries\/haushaltsgeraete\/#primaryimage\"},\"thumbnailUrl\":\"https:\/\/gabrijel.com\/wp-content\/uploads\/2020\/08\/gospodinjski-aparati-gabrijel-aluminium-4.jpg\",\"datePublished\":\"2020-08-14T11:08:01+00:00\",\"dateModified\":\"2020-08-25T08:28:27+00:00\",\"breadcrumb\":{\"@id\":\"https:\/\/gabrijel.com\/de\/industries\/haushaltsgeraete\/#breadcrumb\"},\"inLanguage\":\"de-DE\",\"potentialAction\":[{\"@type\":\"ReadAction\",\"target\":[\"https:\/\/gabrijel.com\/de\/industries\/haushaltsgeraete\/\"]}]},{\"@type\":\"ImageObject\",\"inLanguage\":\"de-DE\",\"@id\":\"https:\/\/gabrijel.com\/de\/industries\/haushaltsgeraete\/#primaryimage\",\"url\":\"https:\/\/gabrijel.com\/wp-content\/uploads\/2020\/08\/gospodinjski-aparati-gabrijel-aluminium-4.jpg\",\"contentUrl\":\"https:\/\/gabrijel.com\/wp-content\/uploads\/2020\/08\/gospodinjski-aparati-gabrijel-aluminium-4.jpg\",\"width\":1900,\"height\":1268},{\"@type\":\"BreadcrumbList\",\"@id\":\"https:\/\/gabrijel.com\/de\/industries\/haushaltsgeraete\/#breadcrumb\",\"itemListElement\":[{\"@type\":\"ListItem\",\"position\":1,\"name\":\"Home\",\"item\":\"https:\/\/gabrijel.com\/de\/\"},{\"@type\":\"ListItem\",\"position\":2,\"name\":\"Industries\",\"item\":\"https:\/\/gabrijel.com\/de\/industries\/\"},{\"@type\":\"ListItem\",\"position\":3,\"name\":\"Haushaltsger\u00e4te\"}]},{\"@type\":\"WebSite\",\"@id\":\"https:\/\/gabrijel.com\/#website\",\"url\":\"https:\/\/gabrijel.com\/\",\"name\":\"Gabrijel Aluminium\",\"description\":\"Kakovost in tehnologija za najzahtevnej\u0161e izzive\",\"potentialAction\":[{\"@type\":\"SearchAction\",\"target\":{\"@type\":\"EntryPoint\",\"urlTemplate\":\"https:\/\/gabrijel.com\/?s={search_term_string}\"},\"query-input\":{\"@type\":\"PropertyValueSpecification\",\"valueRequired\":true,\"valueName\":\"search_term_string\"}}],\"inLanguage\":\"de-DE\"}]}<\/script>\n<!-- \/ Yoast SEO plugin. -->","yoast_head_json":{"title":"Haushaltsger\u00e4te - Gabrijel Aluminium","robots":{"index":"index","follow":"follow","max-snippet":"max-snippet:-1","max-image-preview":"max-image-preview:large","max-video-preview":"max-video-preview:-1"},"canonical":"https:\/\/gabrijel.com\/de\/industries\/haushaltsgeraete\/","og_locale":"de_DE","og_type":"article","og_title":"Haushaltsger\u00e4te - Gabrijel Aluminium","og_description":"Mit einer vollendeten Bearbeitung geben wir dem Aluminium einen Wert und den Gestaltern von Haushaltsger\u00e4ten die M\u00f6glichkeit, deren Ideen auszudr\u00fccken.","og_url":"https:\/\/gabrijel.com\/de\/industries\/haushaltsgeraete\/","og_site_name":"Gabrijel Aluminium","article_modified_time":"2020-08-25T08:28:27+00:00","og_image":[{"width":1900,"height":1268,"url":"https:\/\/gabrijel.com\/wp-content\/uploads\/2020\/08\/gospodinjski-aparati-gabrijel-aluminium-4.jpg","type":"image\/jpeg"}],"twitter_card":"summary_large_image","schema":{"@context":"https:\/\/schema.org","@graph":[{"@type":"WebPage","@id":"https:\/\/gabrijel.com\/de\/industries\/haushaltsgeraete\/","url":"https:\/\/gabrijel.com\/de\/industries\/haushaltsgeraete\/","name":"Haushaltsger\u00e4te - Gabrijel Aluminium","isPartOf":{"@id":"https:\/\/gabrijel.com\/#website"},"primaryImageOfPage":{"@id":"https:\/\/gabrijel.com\/de\/industries\/haushaltsgeraete\/#primaryimage"},"image":{"@id":"https:\/\/gabrijel.com\/de\/industries\/haushaltsgeraete\/#primaryimage"},"thumbnailUrl":"https:\/\/gabrijel.com\/wp-content\/uploads\/2020\/08\/gospodinjski-aparati-gabrijel-aluminium-4.jpg","datePublished":"2020-08-14T11:08:01+00:00","dateModified":"2020-08-25T08:28:27+00:00","breadcrumb":{"@id":"https:\/\/gabrijel.com\/de\/industries\/haushaltsgeraete\/#breadcrumb"},"inLanguage":"de-DE","potentialAction":[{"@type":"ReadAction","target":["https:\/\/gabrijel.com\/de\/industries\/haushaltsgeraete\/"]}]},{"@type":"ImageObject","inLanguage":"de-DE","@id":"https:\/\/gabrijel.com\/de\/industries\/haushaltsgeraete\/#primaryimage","url":"https:\/\/gabrijel.com\/wp-content\/uploads\/2020\/08\/gospodinjski-aparati-gabrijel-aluminium-4.jpg","contentUrl":"https:\/\/gabrijel.com\/wp-content\/uploads\/2020\/08\/gospodinjski-aparati-gabrijel-aluminium-4.jpg","width":1900,"height":1268},{"@type":"BreadcrumbList","@id":"https:\/\/gabrijel.com\/de\/industries\/haushaltsgeraete\/#breadcrumb","itemListElement":[{"@type":"ListItem","position":1,"name":"Home","item":"https:\/\/gabrijel.com\/de\/"},{"@type":"ListItem","position":2,"name":"Industries","item":"https:\/\/gabrijel.com\/de\/industries\/"},{"@type":"ListItem","position":3,"name":"Haushaltsger\u00e4te"}]},{"@type":"WebSite","@id":"https:\/\/gabrijel.com\/#website","url":"https:\/\/gabrijel.com\/","name":"Gabrijel Aluminium","description":"Kakovost in tehnologija za najzahtevnej\u0161e izzive","potentialAction":[{"@type":"SearchAction","target":{"@type":"EntryPoint","urlTemplate":"https:\/\/gabrijel.com\/?s={search_term_string}"},"query-input":{"@type":"PropertyValueSpecification","valueRequired":true,"valueName":"search_term_string"}}],"inLanguage":"de-DE"}]}},"_links":{"self":[{"href":"https:\/\/gabrijel.com\/de\/wp-json\/wp\/v2\/pages\/1988","targetHints":{"allow":["GET"]}}],"collection":[{"href":"https:\/\/gabrijel.com\/de\/wp-json\/wp\/v2\/pages"}],"about":[{"href":"https:\/\/gabrijel.com\/de\/wp-json\/wp\/v2\/types\/page"}],"author":[{"embeddable":true,"href":"https:\/\/gabrijel.com\/de\/wp-json\/wp\/v2\/users\/1"}],"replies":[{"embeddable":true,"href":"https:\/\/gabrijel.com\/de\/wp-json\/wp\/v2\/comments?post=1988"}],"version-history":[{"count":5,"href":"https:\/\/gabrijel.com\/de\/wp-json\/wp\/v2\/pages\/1988\/revisions"}],"predecessor-version":[{"id":2285,"href":"https:\/\/gabrijel.com\/de\/wp-json\/wp\/v2\/pages\/1988\/revisions\/2285"}],"up":[{"embeddable":true,"href":"https:\/\/gabrijel.com\/de\/wp-json\/wp\/v2\/pages\/1978"}],"wp:featuredmedia":[{"embeddable":true,"href":"https:\/\/gabrijel.com\/de\/wp-json\/wp\/v2\/media\/1338"}],"wp:attachment":[{"href":"https:\/\/gabrijel.com\/de\/wp-json\/wp\/v2\/media?parent=1988"}],"curies":[{"name":"wp","href":"https:\/\/api.w.org\/{rel}","templated":true}]}}