{"id":1982,"date":"2020-08-13T15:33:26","date_gmt":"2020-08-13T13:33:26","guid":{"rendered":"https:\/\/gabrijel.com\/poslovna-podrocja\/avtomobilizem\/"},"modified":"2020-08-27T16:26:05","modified_gmt":"2020-08-27T14:26:05","slug":"automobilindustrie","status":"publish","type":"page","link":"https:\/\/gabrijel.com\/de\/industries\/automobilindustrie\/","title":{"rendered":"Automobilindustrie"},"content":{"rendered":"<p>Know-how, Erfahrung und fortgeschrittene Technologie erm\u00f6glichen uns die Hersellung von makellosen Produkten, die in Fahrzeugen der H\u00f6chstklasse eingebaut sind.  <\/p>\n<p>Wir sind Fachleute bei der Herstellung von Produkten von dekorativen Aluminiumteilen f\u00fcr die Innen und Aussenausstattung.<\/p>\n<p>Unsere Vision ist es ein <strong>bedeutender Hersteller der Automobilindustrie zu werden<\/strong>. Aufgrund dessen, widmen wir viel Aufmerksamkeit den  neuen Trends in der Automobilindustrie, um deren Forderungen erfolgreich zu erf\u00fcllen.<\/p>\n","protected":false},"excerpt":{"rendered":"<p>Know-how, Erfahrung und fortgeschrittene Technologie erm\u00f6glichen uns die Hersellung von makellosen Produkten, die in Fahrzeugen der H\u00f6chstklasse eingebaut sind. Wir sind Fachleute bei der Herstellung von Produkten von dekorativen Aluminiumteilen f\u00fcr die Innen und Aussenausstattung. Unsere Vision ist es ein bedeutender Hersteller der Automobilindustrie zu werden. Aufgrund dessen, widmen wir viel Aufmerksamkeit den neuen Trends &#8230; <\/p>\n","protected":false},"author":1,"featured_media":1195,"parent":1978,"menu_order":0,"comment_status":"closed","ping_status":"closed","template":"","meta":{"_acf_changed":false,"inline_featured_image":false,"_exactmetrics_skip_tracking":false,"_exactmetrics_sitenote_active":false,"_exactmetrics_sitenote_note":"","_exactmetrics_sitenote_category":0,"footnotes":""},"class_list":["post-1982","page","type-page","status-publish","has-post-thumbnail","hentry"],"acf":[],"yoast_head":"<!-- This site is optimized with the Yoast SEO plugin v26.0 - https:\/\/yoast.com\/wordpress\/plugins\/seo\/ -->\n<title>Automobilindustrie - Gabrijel Aluminium<\/title>\n<meta name=\"robots\" content=\"index, follow, max-snippet:-1, max-image-preview:large, max-video-preview:-1\" \/>\n<link rel=\"canonical\" href=\"https:\/\/gabrijel.com\/de\/industries\/automobilindustrie\/\" \/>\n<meta property=\"og:locale\" content=\"de_DE\" \/>\n<meta property=\"og:type\" content=\"article\" \/>\n<meta property=\"og:title\" content=\"Automobilindustrie - Gabrijel Aluminium\" \/>\n<meta property=\"og:description\" content=\"Know-how, Erfahrung und fortgeschrittene Technologie erm\u00f6glichen uns die Hersellung von makellosen Produkten, die in Fahrzeugen der H\u00f6chstklasse eingebaut sind. Wir sind Fachleute bei der Herstellung von Produkten von dekorativen Aluminiumteilen f\u00fcr die Innen und Aussenausstattung. Unsere Vision ist es ein bedeutender Hersteller der Automobilindustrie zu werden. Aufgrund dessen, widmen wir viel Aufmerksamkeit den neuen Trends ...\" \/>\n<meta property=\"og:url\" content=\"https:\/\/gabrijel.com\/de\/industries\/automobilindustrie\/\" \/>\n<meta property=\"og:site_name\" content=\"Gabrijel Aluminium\" \/>\n<meta property=\"article:modified_time\" content=\"2020-08-27T14:26:05+00:00\" \/>\n<meta property=\"og:image\" content=\"https:\/\/gabrijel.com\/wp-content\/uploads\/2020\/08\/poslovna-podrocja-avtomobilska-industrija.jpg\" \/>\n\t<meta property=\"og:image:width\" content=\"1900\" \/>\n\t<meta property=\"og:image:height\" content=\"1268\" \/>\n\t<meta property=\"og:image:type\" content=\"image\/jpeg\" \/>\n<meta name=\"twitter:card\" content=\"summary_large_image\" \/>\n<script type=\"application\/ld+json\" class=\"yoast-schema-graph\">{\"@context\":\"https:\/\/schema.org\",\"@graph\":[{\"@type\":\"WebPage\",\"@id\":\"https:\/\/gabrijel.com\/de\/industries\/automobilindustrie\/\",\"url\":\"https:\/\/gabrijel.com\/de\/industries\/automobilindustrie\/\",\"name\":\"Automobilindustrie - Gabrijel Aluminium\",\"isPartOf\":{\"@id\":\"https:\/\/gabrijel.com\/#website\"},\"primaryImageOfPage\":{\"@id\":\"https:\/\/gabrijel.com\/de\/industries\/automobilindustrie\/#primaryimage\"},\"image\":{\"@id\":\"https:\/\/gabrijel.com\/de\/industries\/automobilindustrie\/#primaryimage\"},\"thumbnailUrl\":\"https:\/\/gabrijel.com\/wp-content\/uploads\/2020\/08\/poslovna-podrocja-avtomobilska-industrija.jpg\",\"datePublished\":\"2020-08-13T13:33:26+00:00\",\"dateModified\":\"2020-08-27T14:26:05+00:00\",\"breadcrumb\":{\"@id\":\"https:\/\/gabrijel.com\/de\/industries\/automobilindustrie\/#breadcrumb\"},\"inLanguage\":\"de-DE\",\"potentialAction\":[{\"@type\":\"ReadAction\",\"target\":[\"https:\/\/gabrijel.com\/de\/industries\/automobilindustrie\/\"]}]},{\"@type\":\"ImageObject\",\"inLanguage\":\"de-DE\",\"@id\":\"https:\/\/gabrijel.com\/de\/industries\/automobilindustrie\/#primaryimage\",\"url\":\"https:\/\/gabrijel.com\/wp-content\/uploads\/2020\/08\/poslovna-podrocja-avtomobilska-industrija.jpg\",\"contentUrl\":\"https:\/\/gabrijel.com\/wp-content\/uploads\/2020\/08\/poslovna-podrocja-avtomobilska-industrija.jpg\",\"width\":1900,\"height\":1268},{\"@type\":\"BreadcrumbList\",\"@id\":\"https:\/\/gabrijel.com\/de\/industries\/automobilindustrie\/#breadcrumb\",\"itemListElement\":[{\"@type\":\"ListItem\",\"position\":1,\"name\":\"Home\",\"item\":\"https:\/\/gabrijel.com\/de\/\"},{\"@type\":\"ListItem\",\"position\":2,\"name\":\"Industries\",\"item\":\"https:\/\/gabrijel.com\/de\/industries\/\"},{\"@type\":\"ListItem\",\"position\":3,\"name\":\"Automobilindustrie\"}]},{\"@type\":\"WebSite\",\"@id\":\"https:\/\/gabrijel.com\/#website\",\"url\":\"https:\/\/gabrijel.com\/\",\"name\":\"Gabrijel Aluminium\",\"description\":\"Kakovost in tehnologija za najzahtevnej\u0161e izzive\",\"potentialAction\":[{\"@type\":\"SearchAction\",\"target\":{\"@type\":\"EntryPoint\",\"urlTemplate\":\"https:\/\/gabrijel.com\/?s={search_term_string}\"},\"query-input\":{\"@type\":\"PropertyValueSpecification\",\"valueRequired\":true,\"valueName\":\"search_term_string\"}}],\"inLanguage\":\"de-DE\"}]}<\/script>\n<!-- \/ Yoast SEO plugin. -->","yoast_head_json":{"title":"Automobilindustrie - Gabrijel Aluminium","robots":{"index":"index","follow":"follow","max-snippet":"max-snippet:-1","max-image-preview":"max-image-preview:large","max-video-preview":"max-video-preview:-1"},"canonical":"https:\/\/gabrijel.com\/de\/industries\/automobilindustrie\/","og_locale":"de_DE","og_type":"article","og_title":"Automobilindustrie - Gabrijel Aluminium","og_description":"Know-how, Erfahrung und fortgeschrittene Technologie erm\u00f6glichen uns die Hersellung von makellosen Produkten, die in Fahrzeugen der H\u00f6chstklasse eingebaut sind. Wir sind Fachleute bei der Herstellung von Produkten von dekorativen Aluminiumteilen f\u00fcr die Innen und Aussenausstattung. Unsere Vision ist es ein bedeutender Hersteller der Automobilindustrie zu werden. Aufgrund dessen, widmen wir viel Aufmerksamkeit den neuen Trends ...","og_url":"https:\/\/gabrijel.com\/de\/industries\/automobilindustrie\/","og_site_name":"Gabrijel Aluminium","article_modified_time":"2020-08-27T14:26:05+00:00","og_image":[{"width":1900,"height":1268,"url":"https:\/\/gabrijel.com\/wp-content\/uploads\/2020\/08\/poslovna-podrocja-avtomobilska-industrija.jpg","type":"image\/jpeg"}],"twitter_card":"summary_large_image","schema":{"@context":"https:\/\/schema.org","@graph":[{"@type":"WebPage","@id":"https:\/\/gabrijel.com\/de\/industries\/automobilindustrie\/","url":"https:\/\/gabrijel.com\/de\/industries\/automobilindustrie\/","name":"Automobilindustrie - Gabrijel Aluminium","isPartOf":{"@id":"https:\/\/gabrijel.com\/#website"},"primaryImageOfPage":{"@id":"https:\/\/gabrijel.com\/de\/industries\/automobilindustrie\/#primaryimage"},"image":{"@id":"https:\/\/gabrijel.com\/de\/industries\/automobilindustrie\/#primaryimage"},"thumbnailUrl":"https:\/\/gabrijel.com\/wp-content\/uploads\/2020\/08\/poslovna-podrocja-avtomobilska-industrija.jpg","datePublished":"2020-08-13T13:33:26+00:00","dateModified":"2020-08-27T14:26:05+00:00","breadcrumb":{"@id":"https:\/\/gabrijel.com\/de\/industries\/automobilindustrie\/#breadcrumb"},"inLanguage":"de-DE","potentialAction":[{"@type":"ReadAction","target":["https:\/\/gabrijel.com\/de\/industries\/automobilindustrie\/"]}]},{"@type":"ImageObject","inLanguage":"de-DE","@id":"https:\/\/gabrijel.com\/de\/industries\/automobilindustrie\/#primaryimage","url":"https:\/\/gabrijel.com\/wp-content\/uploads\/2020\/08\/poslovna-podrocja-avtomobilska-industrija.jpg","contentUrl":"https:\/\/gabrijel.com\/wp-content\/uploads\/2020\/08\/poslovna-podrocja-avtomobilska-industrija.jpg","width":1900,"height":1268},{"@type":"BreadcrumbList","@id":"https:\/\/gabrijel.com\/de\/industries\/automobilindustrie\/#breadcrumb","itemListElement":[{"@type":"ListItem","position":1,"name":"Home","item":"https:\/\/gabrijel.com\/de\/"},{"@type":"ListItem","position":2,"name":"Industries","item":"https:\/\/gabrijel.com\/de\/industries\/"},{"@type":"ListItem","position":3,"name":"Automobilindustrie"}]},{"@type":"WebSite","@id":"https:\/\/gabrijel.com\/#website","url":"https:\/\/gabrijel.com\/","name":"Gabrijel Aluminium","description":"Kakovost in tehnologija za najzahtevnej\u0161e izzive","potentialAction":[{"@type":"SearchAction","target":{"@type":"EntryPoint","urlTemplate":"https:\/\/gabrijel.com\/?s={search_term_string}"},"query-input":{"@type":"PropertyValueSpecification","valueRequired":true,"valueName":"search_term_string"}}],"inLanguage":"de-DE"}]}},"_links":{"self":[{"href":"https:\/\/gabrijel.com\/de\/wp-json\/wp\/v2\/pages\/1982","targetHints":{"allow":["GET"]}}],"collection":[{"href":"https:\/\/gabrijel.com\/de\/wp-json\/wp\/v2\/pages"}],"about":[{"href":"https:\/\/gabrijel.com\/de\/wp-json\/wp\/v2\/types\/page"}],"author":[{"embeddable":true,"href":"https:\/\/gabrijel.com\/de\/wp-json\/wp\/v2\/users\/1"}],"replies":[{"embeddable":true,"href":"https:\/\/gabrijel.com\/de\/wp-json\/wp\/v2\/comments?post=1982"}],"version-history":[{"count":5,"href":"https:\/\/gabrijel.com\/de\/wp-json\/wp\/v2\/pages\/1982\/revisions"}],"predecessor-version":[{"id":2416,"href":"https:\/\/gabrijel.com\/de\/wp-json\/wp\/v2\/pages\/1982\/revisions\/2416"}],"up":[{"embeddable":true,"href":"https:\/\/gabrijel.com\/de\/wp-json\/wp\/v2\/pages\/1978"}],"wp:featuredmedia":[{"embeddable":true,"href":"https:\/\/gabrijel.com\/de\/wp-json\/wp\/v2\/media\/1195"}],"wp:attachment":[{"href":"https:\/\/gabrijel.com\/de\/wp-json\/wp\/v2\/media?parent=1982"}],"curies":[{"name":"wp","href":"https:\/\/api.w.org\/{rel}","templated":true}]}}