{"id":1976,"date":"2019-07-22T11:22:01","date_gmt":"2019-07-22T09:22:01","guid":{"rendered":"https:\/\/gabrijel.com\/o-nas\/"},"modified":"2024-05-06T08:13:10","modified_gmt":"2024-05-06T06:13:10","slug":"ueber-uns","status":"publish","type":"page","link":"https:\/\/gabrijel.com\/de\/ueber-uns\/","title":{"rendered":"\u00dcber uns"},"content":{"rendered":"<p>60-j\u00e4hrige Erfahrung + kompromisslose Qualit\u00e4t + Innovation = Gabrijel Aluminium<\/p>\n","protected":false},"excerpt":{"rendered":"<p>60-j\u00e4hrige Erfahrung + kompromisslose Qualit\u00e4t + Innovation = Gabrijel Aluminium<\/p>\n","protected":false},"author":1,"featured_media":1773,"parent":0,"menu_order":2,"comment_status":"closed","ping_status":"closed","template":"","meta":{"_acf_changed":false,"inline_featured_image":false,"_exactmetrics_skip_tracking":false,"_exactmetrics_sitenote_active":false,"_exactmetrics_sitenote_note":"","_exactmetrics_sitenote_category":0,"footnotes":""},"class_list":["post-1976","page","type-page","status-publish","has-post-thumbnail","hentry"],"acf":[],"yoast_head":"<!-- This site is optimized with the Yoast SEO plugin v26.0 - https:\/\/yoast.com\/wordpress\/plugins\/seo\/ -->\n<title>\u00dcber uns - Gabrijel Aluminium<\/title>\n<meta name=\"robots\" content=\"index, follow, max-snippet:-1, max-image-preview:large, max-video-preview:-1\" \/>\n<link rel=\"canonical\" href=\"https:\/\/gabrijel.com\/de\/ueber-uns\/\" \/>\n<meta property=\"og:locale\" content=\"de_DE\" \/>\n<meta property=\"og:type\" content=\"article\" \/>\n<meta property=\"og:title\" content=\"\u00dcber uns - Gabrijel Aluminium\" \/>\n<meta property=\"og:description\" content=\"60-j\u00e4hrige Erfahrung + kompromisslose Qualit\u00e4t + Innovation = Gabrijel Aluminium\" \/>\n<meta property=\"og:url\" content=\"https:\/\/gabrijel.com\/de\/ueber-uns\/\" \/>\n<meta property=\"og:site_name\" content=\"Gabrijel Aluminium\" \/>\n<meta property=\"article:modified_time\" content=\"2024-05-06T06:13:10+00:00\" \/>\n<meta property=\"og:image\" content=\"https:\/\/gabrijel.com\/wp-content\/uploads\/2020\/08\/stavba-gabrijel-aluminium-8.jpg\" \/>\n\t<meta property=\"og:image:width\" content=\"1900\" \/>\n\t<meta property=\"og:image:height\" content=\"1268\" \/>\n\t<meta property=\"og:image:type\" content=\"image\/jpeg\" \/>\n<meta name=\"twitter:card\" content=\"summary_large_image\" \/>\n<meta name=\"twitter:label1\" content=\"Est. reading time\" \/>\n\t<meta name=\"twitter:data1\" content=\"1 minute\" \/>\n<script type=\"application\/ld+json\" class=\"yoast-schema-graph\">{\"@context\":\"https:\/\/schema.org\",\"@graph\":[{\"@type\":\"WebPage\",\"@id\":\"https:\/\/gabrijel.com\/de\/ueber-uns\/\",\"url\":\"https:\/\/gabrijel.com\/de\/ueber-uns\/\",\"name\":\"\u00dcber uns - Gabrijel Aluminium\",\"isPartOf\":{\"@id\":\"https:\/\/gabrijel.com\/#website\"},\"primaryImageOfPage\":{\"@id\":\"https:\/\/gabrijel.com\/de\/ueber-uns\/#primaryimage\"},\"image\":{\"@id\":\"https:\/\/gabrijel.com\/de\/ueber-uns\/#primaryimage\"},\"thumbnailUrl\":\"https:\/\/gabrijel.com\/wp-content\/uploads\/2020\/08\/stavba-gabrijel-aluminium-8.jpg\",\"datePublished\":\"2019-07-22T09:22:01+00:00\",\"dateModified\":\"2024-05-06T06:13:10+00:00\",\"breadcrumb\":{\"@id\":\"https:\/\/gabrijel.com\/de\/ueber-uns\/#breadcrumb\"},\"inLanguage\":\"de-DE\",\"potentialAction\":[{\"@type\":\"ReadAction\",\"target\":[\"https:\/\/gabrijel.com\/de\/ueber-uns\/\"]}]},{\"@type\":\"ImageObject\",\"inLanguage\":\"de-DE\",\"@id\":\"https:\/\/gabrijel.com\/de\/ueber-uns\/#primaryimage\",\"url\":\"https:\/\/gabrijel.com\/wp-content\/uploads\/2020\/08\/stavba-gabrijel-aluminium-8.jpg\",\"contentUrl\":\"https:\/\/gabrijel.com\/wp-content\/uploads\/2020\/08\/stavba-gabrijel-aluminium-8.jpg\",\"width\":1900,\"height\":1268},{\"@type\":\"BreadcrumbList\",\"@id\":\"https:\/\/gabrijel.com\/de\/ueber-uns\/#breadcrumb\",\"itemListElement\":[{\"@type\":\"ListItem\",\"position\":1,\"name\":\"Home\",\"item\":\"https:\/\/gabrijel.com\/de\/\"},{\"@type\":\"ListItem\",\"position\":2,\"name\":\"\u00dcber uns\"}]},{\"@type\":\"WebSite\",\"@id\":\"https:\/\/gabrijel.com\/#website\",\"url\":\"https:\/\/gabrijel.com\/\",\"name\":\"Gabrijel Aluminium\",\"description\":\"Kakovost in tehnologija za najzahtevnej\u0161e izzive\",\"potentialAction\":[{\"@type\":\"SearchAction\",\"target\":{\"@type\":\"EntryPoint\",\"urlTemplate\":\"https:\/\/gabrijel.com\/?s={search_term_string}\"},\"query-input\":{\"@type\":\"PropertyValueSpecification\",\"valueRequired\":true,\"valueName\":\"search_term_string\"}}],\"inLanguage\":\"de-DE\"}]}<\/script>\n<!-- \/ Yoast SEO plugin. -->","yoast_head_json":{"title":"\u00dcber uns - Gabrijel Aluminium","robots":{"index":"index","follow":"follow","max-snippet":"max-snippet:-1","max-image-preview":"max-image-preview:large","max-video-preview":"max-video-preview:-1"},"canonical":"https:\/\/gabrijel.com\/de\/ueber-uns\/","og_locale":"de_DE","og_type":"article","og_title":"\u00dcber uns - Gabrijel Aluminium","og_description":"60-j\u00e4hrige Erfahrung + kompromisslose Qualit\u00e4t + Innovation = Gabrijel Aluminium","og_url":"https:\/\/gabrijel.com\/de\/ueber-uns\/","og_site_name":"Gabrijel Aluminium","article_modified_time":"2024-05-06T06:13:10+00:00","og_image":[{"width":1900,"height":1268,"url":"https:\/\/gabrijel.com\/wp-content\/uploads\/2020\/08\/stavba-gabrijel-aluminium-8.jpg","type":"image\/jpeg"}],"twitter_card":"summary_large_image","twitter_misc":{"Est. reading time":"1 minute"},"schema":{"@context":"https:\/\/schema.org","@graph":[{"@type":"WebPage","@id":"https:\/\/gabrijel.com\/de\/ueber-uns\/","url":"https:\/\/gabrijel.com\/de\/ueber-uns\/","name":"\u00dcber uns - Gabrijel Aluminium","isPartOf":{"@id":"https:\/\/gabrijel.com\/#website"},"primaryImageOfPage":{"@id":"https:\/\/gabrijel.com\/de\/ueber-uns\/#primaryimage"},"image":{"@id":"https:\/\/gabrijel.com\/de\/ueber-uns\/#primaryimage"},"thumbnailUrl":"https:\/\/gabrijel.com\/wp-content\/uploads\/2020\/08\/stavba-gabrijel-aluminium-8.jpg","datePublished":"2019-07-22T09:22:01+00:00","dateModified":"2024-05-06T06:13:10+00:00","breadcrumb":{"@id":"https:\/\/gabrijel.com\/de\/ueber-uns\/#breadcrumb"},"inLanguage":"de-DE","potentialAction":[{"@type":"ReadAction","target":["https:\/\/gabrijel.com\/de\/ueber-uns\/"]}]},{"@type":"ImageObject","inLanguage":"de-DE","@id":"https:\/\/gabrijel.com\/de\/ueber-uns\/#primaryimage","url":"https:\/\/gabrijel.com\/wp-content\/uploads\/2020\/08\/stavba-gabrijel-aluminium-8.jpg","contentUrl":"https:\/\/gabrijel.com\/wp-content\/uploads\/2020\/08\/stavba-gabrijel-aluminium-8.jpg","width":1900,"height":1268},{"@type":"BreadcrumbList","@id":"https:\/\/gabrijel.com\/de\/ueber-uns\/#breadcrumb","itemListElement":[{"@type":"ListItem","position":1,"name":"Home","item":"https:\/\/gabrijel.com\/de\/"},{"@type":"ListItem","position":2,"name":"\u00dcber uns"}]},{"@type":"WebSite","@id":"https:\/\/gabrijel.com\/#website","url":"https:\/\/gabrijel.com\/","name":"Gabrijel Aluminium","description":"Kakovost in tehnologija za najzahtevnej\u0161e izzive","potentialAction":[{"@type":"SearchAction","target":{"@type":"EntryPoint","urlTemplate":"https:\/\/gabrijel.com\/?s={search_term_string}"},"query-input":{"@type":"PropertyValueSpecification","valueRequired":true,"valueName":"search_term_string"}}],"inLanguage":"de-DE"}]}},"_links":{"self":[{"href":"https:\/\/gabrijel.com\/de\/wp-json\/wp\/v2\/pages\/1976","targetHints":{"allow":["GET"]}}],"collection":[{"href":"https:\/\/gabrijel.com\/de\/wp-json\/wp\/v2\/pages"}],"about":[{"href":"https:\/\/gabrijel.com\/de\/wp-json\/wp\/v2\/types\/page"}],"author":[{"embeddable":true,"href":"https:\/\/gabrijel.com\/de\/wp-json\/wp\/v2\/users\/1"}],"replies":[{"embeddable":true,"href":"https:\/\/gabrijel.com\/de\/wp-json\/wp\/v2\/comments?post=1976"}],"version-history":[{"count":6,"href":"https:\/\/gabrijel.com\/de\/wp-json\/wp\/v2\/pages\/1976\/revisions"}],"predecessor-version":[{"id":4480,"href":"https:\/\/gabrijel.com\/de\/wp-json\/wp\/v2\/pages\/1976\/revisions\/4480"}],"wp:featuredmedia":[{"embeddable":true,"href":"https:\/\/gabrijel.com\/de\/wp-json\/wp\/v2\/media\/1773"}],"wp:attachment":[{"href":"https:\/\/gabrijel.com\/de\/wp-json\/wp\/v2\/media?parent=1976"}],"curies":[{"name":"wp","href":"https:\/\/api.w.org\/{rel}","templated":true}]}}